{"id":304,"date":"2021-11-02T11:43:12","date_gmt":"2021-11-02T10:43:12","guid":{"rendered":"https:\/\/dinsescola.org\/politica-de-privacidad\/"},"modified":"2022-06-10T12:06:12","modified_gmt":"2022-06-10T10:06:12","slug":"politica-de-privacidad","status":"publish","type":"page","link":"https:\/\/dinsescola.org\/es\/politica-de-privacidad\/","title":{"rendered":"Pol\u00edtica de privacidad"},"content":{"rendered":"<p>Se informa a los usuarios\/as de la p\u00e1gina web, en cumplimiento de la legislaci\u00f3n vigente en materia de protecci\u00f3n de datos de car\u00e1cter personal, sobre la pol\u00edtica de protecci\u00f3n de datos de car\u00e1cter personal con el fin de que estos decidan de forma expresa, libre y voluntaria si desean facilitar a esta entidad los datos personales que sean necesarios y por eso les son solicitados en la p\u00e1gina web para la prestaci\u00f3n de los productos y\/o servicios de los que dispone FORMACI\u00d3 I TREBALL.<\/p>\n<p>El usuario\/a tendr\u00e1 que llenar los formularios con datos ver\u00eddicos, exactos, completos y actualizados.<\/p>\n<p>FORMACI\u00d3 I TREBALL ha adoptado los niveles de seguridad de protecci\u00f3n de los datos personales exigidos por la legislaci\u00f3n vigente de protecci\u00f3n de datos, instalando las medidas t\u00e9cnicas y organizativas necesarias para evitar la p\u00e9rdida, mal uso, alteraci\u00f3n, acceso no autorizado y otros riesgos posibles. Igualmente, FORMACI\u00d3 I TREBALL se obliga a cumplir la obligaci\u00f3n de secreto respecto a los datos contenidos en el fichero, establecida en la legislaci\u00f3n de protecci\u00f3n de datos aplicable.<\/p>\n<p>El registro de los datos personales aportados en caso de subscribirse a trav\u00e9s de alg\u00fan formulario implica, adem\u00e1s, la aceptaci\u00f3n voluntaria por su parte en relaci\u00f3n al tratamiento de los datos personales por parte de FORMACI\u00d3I TREBALL para la finalidad exclusiva de responder a sus consultas generales referentes a nuestra organizaci\u00f3n y para recibir informaci\u00f3n vinculada a sus productos y\/o servicios relacionados con la atenci\u00f3n a las personas, y para la realizaci\u00f3n de estad\u00edsticas y poder remitirle informaci\u00f3n comercial en temas que puedan ser de su inter\u00e9s.<\/p>\n<p>En cualquier caso, el\/la usuario\/a o persona que le represente podr\u00e1 ejercer en cualquier momento el derecho de acceso, portabilidad, rectificaci\u00f3n, cancelaci\u00f3n, olvido, y en su caso, oposici\u00f3n de acuerdo con lo establecido en el Reglamento (UE) 2016\/679 del Parlamento Europeo y del Consejo, de 27 de abril de 2016 (en adelante RGPD), de la Ley Org\u00e1nica 3\/2018, de 5 de diciembre, de Protecci\u00f3n de Datos Personales y garant\u00eda de los derechos digitales (en adelante LOPDGDD) y cualquier otra normativa de protecci\u00f3n de datos aplicable.<\/p>\n<p>Informamos que los datos personales comunicados a GRUPO FIT ser\u00e1n incorporados a una Base de Datos com\u00fan de informaci\u00f3n titularidad de las empresas del GRUPO FIT con las finalidades de mantener relaciones profesionales y\/o comerciales conforme a la pol\u00edtica de privacidad y el inter\u00e9s leg\u00edtimo de GRUPO FIT.<\/p>\n<p>El\/la usuario\/a o persona que le represente puede ejercer sus derechos a trav\u00e9s de esta direcci\u00f3n\u00a0<a href=\"mailto:rgpd@formacioitreball.org\">rgpd@formacioitreball.org<\/a>\u00a0o directamente dirigirse a nuestro DPD\u00a0<a href=\"mailto:dpd@formacioitreball.org\">dpd@formacioitreball.org<\/a>.<\/p>\n<p>Por \u00faltimo, informamos que le asiste el derecho a reclamar ante la AEPD. Puede obtener m\u00e1s informaci\u00f3n sobre las empresas integrantes de GRUPO FIT, en la direcci\u00f3n\u00a0<a href=\"http:\/\/www.formacioitreball.org\/\">www.formacioitreball.org<\/a><\/p>\n<p>Informaci\u00f3n b\u00e1sica<\/p>\n<p>Informaci\u00f3n b\u00e1sica sobre protecci\u00f3n de datos<\/p>\n<p>Responsable: Formaci\u00f3 i Treball, Fundaci\u00f3 Privada<\/p>\n<p>Finalidad: Responder las solicitudes de contacto o informaci\u00f3n<\/p>\n<p>Examinar la candidatura a una vacante de trabajo<\/p>\n<p>Legitimaci\u00f3n: Consentimiento del interesado<\/p>\n<p>Destinatarios: Formaci\u00f3 i Treball y empresas del grupo<\/p>\n<p>Derechos: Acceso, Portabilidad, Rectificaci\u00f3n, Cancelaci\u00f3n, Olvido y Oposici\u00f3n.<\/p>\n<p>Informaci\u00f3n Adicional: Consulte la Informaci\u00f3n Adicional y detallada sobre Protecci\u00f3n de Datos.<\/p>\n<h2>INFORMACI\u00d3N ADICIONAL<\/h2>\n<p>La presente \u201cPol\u00edtica de privacidad\u201d regula el tratamiento de datos personales facilitados por el Usuario\/a a trav\u00e9s de la p\u00e1gina web que FORMACI\u00d3 I TREBALL (de ahora en adelante, \u201cFIT\u201d) poNe a disposici\u00f3n de los usuarios\/as de Internet. La presente Pol\u00edtica forma parte integrante del Aviso Legal accesible en todo momento desde la p\u00e1gina web.<\/p>\n<p>El Usuario\/a garantiza que los datos aportados son verdaderos, exactos, completos y actualizados, siendo responsable de cualquier da\u00f1o o perjuicio, directo o indirecto, que pudiera ocasionarse como consecuencia del incumplimiento de tal obligaci\u00f3n. En el supuesto de que los datos aportados pertenecieran a un tercero, el Usuario\/a garantiza que ha informado al tercero de los aspectos contenidos en este documento y ha obtenido su autorizaci\u00f3n para facilitar sus datos a FIT para las finalidades se\u00f1aladas.<\/p>\n<p>La p\u00e1gina web puede ofrecer funcionalidades para compartir contenidos a trav\u00e9s de aplicaciones de terceros, como LinkedIn, Facebook o Twitter. Estas aplicaciones pueden recoger y tratar informaci\u00f3n relacionada con la navegaci\u00f3n del usuario\/a en los diferentes lugares webs. Cualquier informaci\u00f3n personal que es recaudada a trav\u00e9s de estas aplicaciones, puede ser utilizada por terceros usuarios\/as de las mismas, y sus interacciones est\u00e1n sometidas a las pol\u00edticas de privacidad de las compa\u00f1\u00edas que facilitan las aplicaciones.<\/p>\n<p>La p\u00e1gina web puede alojar blogs, foros, y otras aplicaciones o servicios de redes sociales con el fin de facilitar el intercambio de conocimiento y contenido. Cualquier informaci\u00f3n personal que se facilite por el usuario\/a puede ser compartida con otros usuarios de este servicio, sobre los cuales FIT no tiene ning\u00fan control.<\/p>\n<p>Con el fin de ofrecer informaci\u00f3n o servicios de inter\u00e9s en funci\u00f3n de la localizaci\u00f3n del Usuario\/a, FIT podr\u00e1 acceder a datos relativos a la geolocalizaci\u00f3n del dispositivo del Usuario\/a, en aquellos casos en que la configuraci\u00f3n del usuario\/a con este fin as\u00ed lo permita.<\/p>\n<p>Con el objetivo de ofrecer seguridad t\u00e9cnica y diagn\u00f3stico de sistemas, de forma an\u00f3nima o agregada, FIT podr\u00e1 registrar la direcci\u00f3n IP (n\u00famero de identificaci\u00f3n del acceso a Internet del dispositivo, que permite a los dispositivos, sistemas y servidores reconocerse y comunicarse entre s\u00ed). Esta informaci\u00f3n podr\u00e1 ser tambi\u00e9n empleada con fines anal\u00edticos de rendimiento web.<\/p>\n<h2>QUI\u00c9N ES EL RESPONSABLE DEL TRATAMIENTO DE LOS DATOS PERSONALES DEL USUARIO\/A?<\/h2>\n<p>Identidad: FORMACI\u00d3 I TREBALL, FUNDACI\u00d3 PRIVADA, es una entidad inscrita en el Registro de Fundaciones de la Generalitat de Catalu\u00f1a, con inscripci\u00f3n n.\u00ba 670.<\/p>\n<p>Domicilio: Ramon Llull, 430-438, de Sant Adri\u00e0 de Bes\u00f2s (08930)<\/p>\n<p>Correo electr\u00f3nico: lopd@formacioitreball.org<\/p>\n<h2>CON QU\u00c9 FINALIDAD TRATAMOS LOS DATOS PERSONALES DEL USUARIO\/A?<\/h2>\n<p>FIT trata la informaci\u00f3n facilitada por el Usuario\/a con el fin de atender las solicitudes de diversa \u00edndole llevadas a cabo por la web. En funci\u00f3n de la naturaleza de la solicitud, la finalidad perseguir\u00e1 la gesti\u00f3n de (i) consultas var\u00edas (iii) suscripci\u00f3n al bolet\u00edn (iv) participaci\u00f3n en las redes sociales mediante comentarios.<\/p>\n<p>En el caso particular de los datos proporcionados por medio del servicio \u201cIntermediaci\u00f3n Laboral\u201d, FIT usar\u00e1 su informaci\u00f3n para:<\/p>\n<p>Examinar su idoneidad para el lugar de trabajo al que se postula, as\u00ed como para ocupaciones que puedan surgir en el futuro.<\/p>\n<p>Contactar con usted mediante llamada telef\u00f3nica o bien la aplicaci\u00f3n<\/p>\n<p>\u201cWhatsApp\u201d, \u00fanicamente con el fin de concertar entrevistas de trabajo, gestionar aspectos relativos al proceso de selecci\u00f3n o informar sobre las actividades formativas.<\/p>\n<p>Realizar funciones administrativas.<\/p>\n<p>Exigir la informaci\u00f3n legalmente requerida, y responder a un proceso legal.<\/p>\n<h2>POR CU\u00c1NTO TIEMPO CONSERVAREMOS LOS DATOS PERSONALES DEL USUARIO\/A?<\/h2>\n<p>A todos los efectos, los datos personales proporcionados se conservar\u00e1n durante el tiempo necesario para atender la solicitud del Usuario\/a.<\/p>\n<p>En el caso concreto del env\u00edo de candidatura a ofertas de trabajo de personal de Estructura o personal de Voluntariado, no como Usuario\/a de un itinerario, los datos ser\u00e1n conservados \u00fanicamente durante el transcurso del proceso de selecci\u00f3n y una vez finalizada se borrar\u00e1n todos los datos, sacado de los candidatos seleccionados que en tal caso los datos personales recopilados durante el periodo de selecci\u00f3n ser\u00e1n conservadas hasta la finalizaci\u00f3n de su ocupaci\u00f3n a la cooperativa.<\/p>\n<p>Por lo tanto, en caso de que no sea contratado solo si usted lo autoriza, FIT guardar\u00e1 y utilizar\u00e1 los datos personales, durante un periodo de tres (3) meses con el fin de tener su curr\u00edculum en cuenta para futuras vacantes.<\/p>\n<h2>CU\u00c1L ES LA LEGITIMACI\u00d3N PARA EL TRATAMIENTO DE LOS DATOS PERSONALES DEL USUARIO\/A?<\/h2>\n<p>La base legal para el tratamiento de los datos es el consentimiento del Usuario\/a.<\/p>\n<h2>A QU\u00c9 DESTINATARIOS SE COMUNICAR\u00c1N LOS DATOS PERSONALES DEL USUARIO\/A?<\/h2>\n<p>En general, el acceso a su informaci\u00f3n personal ser\u00e1 limitado \u00fanicamente a aquellas personas dentro de la organizaci\u00f3n que la necesiten para gestionar su solicitud o evaluar su solicitud de ocupaci\u00f3n, realizar funciones, apoyar las tareas de Selecci\u00f3n de Personal o a quienes estemos obligados por la legislaci\u00f3n vigente a divulgarla.<\/p>\n<p>En el caso concreto, del servicio \u201cIntermediaci\u00f3n laboral\u201d, podemos de partida concretar que las siguientes categor\u00edas de individuos tendr\u00e1n acceso a sus datos personales:<\/p>\n<p>Personal del \u00e1rea de \u201cAtenci\u00f3n a las Personas\u201d que gestiona la Selecci\u00f3n de Personal de Estructura y Voluntariado.<\/p>\n<p>Director\/a o Responsable del departamento de \u201cPersonas\u201d, as\u00ed como responsable del Departamento al que postula el\/la candidato\/a.<\/p>\n<ul>\n<li>Empleados que realizan funciones administrativas y de asistencia t\u00e9cnica.<\/li>\n<\/ul>\n<p>Personal del \u00e1rea de \u201cIntermediaci\u00f3n laboral\u201d que gestiona la Bolsa de Trabajo de los Usuarios\/as.<\/p>\n<p>Director\/a o Responsable del \u00e1rea de \u201cIntermediaci\u00f3n laboral\u201d, as\u00ed como responsable del Departamento al que postula el\/la candidato\/a.<\/p>\n<ul>\n<li>Empleados que realizan funciones administrativas y de asistencia t\u00e9cnica.<\/li>\n<\/ul>\n<p>Funcionarios gubernamentales, en caso de que existan requisitos legales de informaci\u00f3n u organismos encargados de velar por el cumplimiento de las leyes o litigantes privados en respuesta a procesos legales v\u00e1lidos (orden de registro o aprehensi\u00f3n, citaci\u00f3n u orden judicial).<\/p>\n<p>Sus datos tambi\u00e9n podr\u00e1n ser facilitados a aquellas entidades prestamistas de servicios del tercer sector con las que FIT colabora: servicios sociales, educaci\u00f3n y formaci\u00f3n, bienestar personal y ocupaci\u00f3n y trabajo. De todas formas, estos servicios tienen que cumplir con todo lo establecido en la presente Pol\u00edtica de privacidad.<\/p>\n<p>As\u00ed mismo, los datos podr\u00e1n ser cedidos a administraciones y organismos p\u00fablicos para la prestaci\u00f3n de servicios y por el cumplimiento de obligaciones directamente exigibles a FIT.<\/p>\n<h2>C\u00d3MO PROTEGE FIT SU INFORMACI\u00d3N PERSONAL?<\/h2>\n<p>FIT implementa medidas de seguridad organizativas, t\u00e9cnicas y f\u00edsicas con el objetivo de proteger sus datos para evitar violaciones de seguridad y garantizar la confidencialidad, integridad y disponibilidad de sus datos durante todo el tratamiento.<\/p>\n<p>Los datos que se solicitan en los diferentes formularios de la p\u00e1gina web son los estrictamente necesarios para atender su solicitud, los que el usuario\/a nos comunica voluntariamente.<\/p>\n<h2>CU\u00c1LES SON SUS DERECHOS CUANDO NOS FACILITA SUS DATOS PERSONALES?<\/h2>\n<p>El Usuario\/a tiene derecho a obtener confirmaci\u00f3n sobre s\u00ed FIT trata datos personales que le conciernen, as\u00ed como a acceder a sus datos personales, solicitar la rectificaci\u00f3n de los datos inexactos o, si se tercia, solicitar su supresi\u00f3n cuando, entre otros motivos, los datos ya no sean necesarios para las finalidades que fueron recogidas.<\/p>\n<p>En determinadas circunstancias, el Usuario\/a podr\u00e1 solicitar la limitaci\u00f3n del tratamiento de sus datos, en este caso \u00fanicamente se conservar\u00e1n para el ejercicio o la defensa de reclamaciones.<\/p>\n<p>En determinadas circunstancias y por motivos relacionados con su situaci\u00f3n particular, el Usuario\/a podr\u00e1 oponerse al tratamiento de sus datos. FIT cesar\u00e1 en el tratamiento de los datos, sacado por motivos leg\u00edtimos imperiosos, o el ejercicio o la defensa de posibles reclamaciones.<\/p>\n<p>Por \u00faltimo, el Usuario\/a podr\u00e1 ejercitar su derecho de Portabilidad y, en el supuesto de que proceda, FIT tendr\u00e1 que gestionar su tramitaci\u00f3n.<\/p>\n<p>El Usuario\/a podr\u00e1 ejercer sus derechos en los t\u00e9rminos legalmente dirigi\u00e9ndose mediante correo postal a: FORMACI\u00d3 I TREBALL, Ramon Llull, 430-438, de Sant Adri\u00e0 de Bes\u00f2s (08930), o correo electr\u00f3nico a: lopd@formacioitreball.org con indicaci\u00f3n de la solicitud correspondiente y acompa\u00f1ante, en cualquier de los casos, de copia del DNI, pasaporte, o documento v\u00e1lido que acredite su identidad.<\/p>\n","protected":false},"excerpt":{"rendered":"<p>Se informa a los usuarios\/as de la p\u00e1gina web, en cumplimiento de la legislaci\u00f3n vigente en materia de protecci\u00f3n de<a class=\"more-link\" href=\"https:\/\/dinsescola.org\/es\/politica-de-privacidad\/\">Llegir M\u00e9s<\/a><\/p>\n","protected":false},"author":1,"featured_media":25,"parent":0,"menu_order":0,"comment_status":"closed","ping_status":"open","template":"page-politica.php","meta":[],"yoast_head":"<!-- This site is optimized with the Yoast SEO plugin v19.13 - https:\/\/yoast.com\/wordpress\/plugins\/seo\/ -->\n<title>Pol\u00edtica de privacidad - D&#039;ins Escola<\/title>\n<meta name=\"robots\" content=\"index, follow, max-snippet:-1, max-image-preview:large, max-video-preview:-1\" \/>\n<link rel=\"canonical\" href=\"https:\/\/dinsescola.org\/es\/politica-de-privacidad\/\" \/>\n<meta property=\"og:locale\" content=\"es_ES\" \/>\n<meta property=\"og:type\" content=\"article\" \/>\n<meta property=\"og:title\" content=\"Pol\u00edtica de privacidad - D&#039;ins Escola\" \/>\n<meta property=\"og:description\" content=\"Se informa a los usuarios\/as de la p\u00e1gina web, en cumplimiento de la legislaci\u00f3n vigente en materia de protecci\u00f3n deLlegir M\u00e9s\" \/>\n<meta property=\"og:url\" content=\"https:\/\/dinsescola.org\/es\/politica-de-privacidad\/\" \/>\n<meta property=\"og:site_name\" content=\"D&#039;ins Escola\" \/>\n<meta property=\"article:modified_time\" content=\"2022-06-10T10:06:12+00:00\" \/>\n<meta property=\"og:image\" content=\"https:\/\/dinsescola.org\/wp-content\/uploads\/2019\/06\/background-hero.jpg\" \/>\n\t<meta property=\"og:image:width\" content=\"1439\" \/>\n\t<meta property=\"og:image:height\" content=\"809\" \/>\n\t<meta property=\"og:image:type\" content=\"image\/jpeg\" \/>\n<meta name=\"twitter:card\" content=\"summary_large_image\" \/>\n<meta name=\"twitter:label1\" content=\"Tiempo de lectura\" \/>\n\t<meta name=\"twitter:data1\" content=\"10 minutos\" \/>\n<script type=\"application\/ld+json\" class=\"yoast-schema-graph\">{\"@context\":\"https:\/\/schema.org\",\"@graph\":[{\"@type\":\"WebPage\",\"@id\":\"https:\/\/dinsescola.org\/es\/politica-de-privacidad\/\",\"url\":\"https:\/\/dinsescola.org\/es\/politica-de-privacidad\/\",\"name\":\"Pol\u00edtica de privacidad - D&#039;ins Escola\",\"isPartOf\":{\"@id\":\"https:\/\/dinsescola.org\/es\/#website\"},\"datePublished\":\"2021-11-02T10:43:12+00:00\",\"dateModified\":\"2022-06-10T10:06:12+00:00\",\"breadcrumb\":{\"@id\":\"https:\/\/dinsescola.org\/es\/politica-de-privacidad\/#breadcrumb\"},\"inLanguage\":\"es\",\"potentialAction\":[{\"@type\":\"ReadAction\",\"target\":[\"https:\/\/dinsescola.org\/es\/politica-de-privacidad\/\"]}]},{\"@type\":\"BreadcrumbList\",\"@id\":\"https:\/\/dinsescola.org\/es\/politica-de-privacidad\/#breadcrumb\",\"itemListElement\":[{\"@type\":\"ListItem\",\"position\":1,\"name\":\"Inici\",\"item\":\"https:\/\/dinsescola.org\/es\/\"},{\"@type\":\"ListItem\",\"position\":2,\"name\":\"Pol\u00edtica de privacidad\"}]},{\"@type\":\"WebSite\",\"@id\":\"https:\/\/dinsescola.org\/es\/#website\",\"url\":\"https:\/\/dinsescola.org\/es\/\",\"name\":\"D&#039;ins Escola\",\"description\":\"Escola - Restaurant de la Fundaci\u00f3 Formaci\u00f3 i Treball\",\"potentialAction\":[{\"@type\":\"SearchAction\",\"target\":{\"@type\":\"EntryPoint\",\"urlTemplate\":\"https:\/\/dinsescola.org\/es\/?s={search_term_string}\"},\"query-input\":\"required name=search_term_string\"}],\"inLanguage\":\"es\"}]}<\/script>\n<!-- \/ Yoast SEO plugin. -->","yoast_head_json":{"title":"Pol\u00edtica de privacidad - D&#039;ins Escola","robots":{"index":"index","follow":"follow","max-snippet":"max-snippet:-1","max-image-preview":"max-image-preview:large","max-video-preview":"max-video-preview:-1"},"canonical":"https:\/\/dinsescola.org\/es\/politica-de-privacidad\/","og_locale":"es_ES","og_type":"article","og_title":"Pol\u00edtica de privacidad - D&#039;ins Escola","og_description":"Se informa a los usuarios\/as de la p\u00e1gina web, en cumplimiento de la legislaci\u00f3n vigente en materia de protecci\u00f3n deLlegir M\u00e9s","og_url":"https:\/\/dinsescola.org\/es\/politica-de-privacidad\/","og_site_name":"D&#039;ins Escola","article_modified_time":"2022-06-10T10:06:12+00:00","og_image":[{"width":1439,"height":809,"url":"https:\/\/dinsescola.org\/wp-content\/uploads\/2019\/06\/background-hero.jpg","type":"image\/jpeg"}],"twitter_card":"summary_large_image","twitter_misc":{"Tiempo de lectura":"10 minutos"},"schema":{"@context":"https:\/\/schema.org","@graph":[{"@type":"WebPage","@id":"https:\/\/dinsescola.org\/es\/politica-de-privacidad\/","url":"https:\/\/dinsescola.org\/es\/politica-de-privacidad\/","name":"Pol\u00edtica de privacidad - D&#039;ins Escola","isPartOf":{"@id":"https:\/\/dinsescola.org\/es\/#website"},"datePublished":"2021-11-02T10:43:12+00:00","dateModified":"2022-06-10T10:06:12+00:00","breadcrumb":{"@id":"https:\/\/dinsescola.org\/es\/politica-de-privacidad\/#breadcrumb"},"inLanguage":"es","potentialAction":[{"@type":"ReadAction","target":["https:\/\/dinsescola.org\/es\/politica-de-privacidad\/"]}]},{"@type":"BreadcrumbList","@id":"https:\/\/dinsescola.org\/es\/politica-de-privacidad\/#breadcrumb","itemListElement":[{"@type":"ListItem","position":1,"name":"Inici","item":"https:\/\/dinsescola.org\/es\/"},{"@type":"ListItem","position":2,"name":"Pol\u00edtica de privacidad"}]},{"@type":"WebSite","@id":"https:\/\/dinsescola.org\/es\/#website","url":"https:\/\/dinsescola.org\/es\/","name":"D&#039;ins Escola","description":"Escola - Restaurant de la Fundaci\u00f3 Formaci\u00f3 i Treball","potentialAction":[{"@type":"SearchAction","target":{"@type":"EntryPoint","urlTemplate":"https:\/\/dinsescola.org\/es\/?s={search_term_string}"},"query-input":"required name=search_term_string"}],"inLanguage":"es"}]}},"_links":{"self":[{"href":"https:\/\/dinsescola.org\/es\/wp-json\/wp\/v2\/pages\/304"}],"collection":[{"href":"https:\/\/dinsescola.org\/es\/wp-json\/wp\/v2\/pages"}],"about":[{"href":"https:\/\/dinsescola.org\/es\/wp-json\/wp\/v2\/types\/page"}],"author":[{"embeddable":true,"href":"https:\/\/dinsescola.org\/es\/wp-json\/wp\/v2\/users\/1"}],"replies":[{"embeddable":true,"href":"https:\/\/dinsescola.org\/es\/wp-json\/wp\/v2\/comments?post=304"}],"version-history":[{"count":2,"href":"https:\/\/dinsescola.org\/es\/wp-json\/wp\/v2\/pages\/304\/revisions"}],"predecessor-version":[{"id":855,"href":"https:\/\/dinsescola.org\/es\/wp-json\/wp\/v2\/pages\/304\/revisions\/855"}],"wp:featuredmedia":[{"embeddable":true,"href":"https:\/\/dinsescola.org\/es\/wp-json\/wp\/v2\/media\/25"}],"wp:attachment":[{"href":"https:\/\/dinsescola.org\/es\/wp-json\/wp\/v2\/media?parent=304"}],"curies":[{"name":"wp","href":"https:\/\/api.w.org\/{rel}","templated":true}]}}