{"id":305,"date":"2021-11-02T12:03:36","date_gmt":"2021-11-02T11:03:36","guid":{"rendered":"https:\/\/dinsescola.org\/politica-de-cookies\/"},"modified":"2022-01-17T16:12:30","modified_gmt":"2022-01-17T15:12:30","slug":"politica-de-cookies","status":"publish","type":"page","link":"https:\/\/dinsescola.org\/es\/politica-de-cookies\/","title":{"rendered":"Pol\u00edtica de cookies"},"content":{"rendered":"<p>Antes de que empieces a navegar por la web nos gustar\u00eda informarte que utilizamos cookies con diferentes finalidades en la web www.formacioitreball.org, de forma que puedas decidir si quieres que las mismas se instalen en tu equipo o no.<\/p>\n<p>En caso de continuar navegando a www.formacioitreball.org, Fundaci\u00f3 Formaci\u00f3 i Treball (en lo sucesivo FIT) deduce que aceptas la instalaci\u00f3n de las cookies, otorg\u00e1ndonos el consentimiento para poder instalarlas en tu equipo.<\/p>\n<p>QU\u00c9 SON LAS COOKIES<\/p>\n<p>Las cookies son peque\u00f1os archivos de informaci\u00f3n que se env\u00edan y almacenan en el equipo desde el cual se accede en la web www.formacioitreball.org (PC u ordenador personal, tel\u00e9fono m\u00f3vil, tableta o televisi\u00f3n conectada) facilitando el uso de la misma, para ofrecer un mejor servicio.<\/p>\n<p>La Web www.formacioitreball.org utiliza tanto galletas propias como de terceros que nos ayudan a mejorar la calidad permitiendo comparar, recordar, controlar y entender como navegan nuestros usuarios a trav\u00e9s del web, identificando que es el que encuentran \u00fatil y lo que no y poder as\u00ed mejorar el proceso de navegaci\u00f3n.<\/p>\n<p>Las cookies que utiliza la web no da\u00f1an tu equipo. \u00danicamente, sirven para mejorar los servicios ofrecidos. Algunas son estrictamente necesarias porque la p\u00e1gina funcione bien (t\u00e9cnicas y de personalizaci\u00f3n) y otras sirven para mejorar el rendimiento y experiencia como usuario (an\u00e1lisis, publicidad y publicidad comportamental).<\/p>\n<p>La web utiliza tanto galletas de sesi\u00f3n, temporales, como galletas permanentes. Las galletas de sesi\u00f3n almacenan datos mientras el usuario accede en la web, caducan al cerrar el navegador; mientras que las galletas permanentes almacenan los datos en el terminal porque sean accedidos y utilizados en m\u00e1s de una sesi\u00f3n, suelen caducar cuando transcurre un periodo de tiempo que puede oscilar entre los dos meses y los dos a\u00f1os.<\/p>\n<p>DESACTIVACI\u00d3N DE COOKIES.<\/p>\n<p>Tienes la opci\u00f3n de permitir, bloquear o eliminar las cookies instaladas a tu equipo mediante la configuraci\u00f3n de las opciones del navegador en vuestro equipo. Al desactivar galletas, algunos de los servicios disponibles podr\u00edan dejar de estar operativos. La forma de desactivar las cookies es diferente para cada navegador, pero normalmente se puede hacer desde el men\u00fa Herramientas u Opciones. Tambi\u00e9n se puede consultar el men\u00fa de Ayuda del navegador donde puedes encontrar instrucciones. El usuario podr\u00e1 -en cualquier momento- elegir qu\u00e9 cookies quiere que funcionen en este sitio web a trav\u00e9s de:<\/p>\n<p>La configuraci\u00f3n del navegador; por ejemplo:<\/p>\n<p>\u2013 Microsoft Internet Explorer<\/p>\n<p>\u2013 Mozilla Firefox<\/p>\n<p>\u2013 Chrome<\/p>\n<p>\u2013 Safari<\/p>\n<p>\u2013 Opera<\/p>\n<p>TIPO DE COOKIES<\/p>\n<p>Seg\u00fan la finalidad por la cual se traten los datos obtenidos a trav\u00e9s de las galletas, la web puede utilizar:<\/p>\n<p>Cookies t\u00e9cnicas: son aquellas que permiten al usuario la navegaci\u00f3n a trav\u00e9s de una p\u00e1gina web, plataforma o aplicaci\u00f3n y la utilizaci\u00f3n de las diferentes opciones o servicios que en ella haya como, por ejemplo, controlar el tr\u00e1fico y la comunicaci\u00f3n de datos, identificar la sesi\u00f3n, acceder a partes de acceso restringido.<\/p>\n<p>Cookies de personalizaci\u00f3n: son aquellas que permiten al usuario acceder al servicio con algunas caracter\u00edsticas de car\u00e1cter general predefinidas en funci\u00f3n de una serie de criterios en el terminal del usuario como ahora ser\u00edan el idioma, el tipo de navegador.<\/p>\n<p>Cookies de an\u00e1lisis: son aquellas que permiten el seguimiento y an\u00e1lisis del comportamiento de los usuarios de los sitios web a los que est\u00e1n vinculados. La informaci\u00f3n recogida mediante este tipo de galletas se utiliza en la medici\u00f3n de la actividad de los sitios web, aplicaci\u00f3n o plataforma y para la elaboraci\u00f3n de perfiles de navegaci\u00f3n de los usuarios.<\/p>\n<p>Cookies publicitarias: son aquellas que permiten la gesti\u00f3n, de la forma m\u00e1s eficaz posible, de los espacios publicitarios.<\/p>\n<p>Cookies de publicidad comportamental: estas galletas almacenan informaci\u00f3n del comportamiento de los usuarios obtenida a trav\u00e9s de la observaci\u00f3n continuada de sus h\u00e1bitos de navegaci\u00f3n, el que permite desarrollar un perfil espec\u00edfico para mostrar publicidad en funci\u00f3n del mismo.<\/p>\n<p>Cookies de redes sociales externas: que se utilizan para que los visitantes puedan interactuar con el contenido de diferentes plataformas sociales (Facebook, YouTube, Twitter, LinkedIn, etc ..) y que se generen \u00fanicamente para los usuarios de estas redes sociales. Las condiciones de utilizaci\u00f3n de estas cookies y la informaci\u00f3n recopilada se regula por la pol\u00edtica de privacidad de la plataforma social correspondiente.<\/p>\n<p>Actualmente en la WEB se utilizan los siguientes tipos de galletas:<\/p>\n<table width=\"539\">\n<tbody>\n<tr>\n<td colspan=\"3\" width=\"539\">COOKIES PROPIAS<\/td>\n<\/tr>\n<tr>\n<td width=\"161\">Cookies<\/td>\n<td width=\"246\">Finalidad<\/td>\n<td width=\"132\">Opt-out<\/td>\n<\/tr>\n<tr>\n<td width=\"161\">Cookies T\u00e9cnicas<\/td>\n<td width=\"246\">Gestionan la correcta navegaci\u00f3n a trav\u00e9s de la Web y sus contenidos, permitiendo identificar las sesiones de usuario y proteger su uso.<\/td>\n<td width=\"132\">N\/A<\/td>\n<\/tr>\n<tr>\n<td width=\"161\">Cookies de Personalizaci\u00f3n<\/td>\n<td width=\"246\">Permiten mejorar la experiencia del usuario almacenando variables personalizadas como el idioma o las preferencias en la navegaci\u00f3n.<\/td>\n<td width=\"132\">N\/A<\/td>\n<\/tr>\n<\/tbody>\n<\/table>\n<p>&nbsp;<\/p>\n<table width=\"605\">\n<tbody>\n<tr>\n<td colspan=\"4\" width=\"605\">COOKIES DE TERCEROS (La informaci\u00f3n recogida a continuaci\u00f3n ha sido facilitada por estos terceros)<\/td>\n<\/tr>\n<tr>\n<td colspan=\"2\" width=\"246\">Cookies<\/td>\n<td width=\"217\">Finalidad<\/td>\n<td width=\"142\">Opt-out<\/td>\n<\/tr>\n<tr>\n<td width=\"123\">Cookies de an\u00e1lisis<\/td>\n<td width=\"123\">Google Analytics<\/td>\n<td width=\"217\">La web utiliza Google Analytics, un servicio anal\u00edtico de web prestado por Google, Inc., una compa\u00f1\u00eda de Delaware la oficina principal a 1600 Amphitheatre Parkway, Mountain View (California), CA 94043, Estados Unidos (\u201cGoogle\u201d). La informaci\u00f3n que genera la cookie sobre su uso del web (incluyendo su direcci\u00f3n IP) ser\u00e1 directamente transmitida y archivada por Google en los servidores de Estados Unidos. Google utilizar\u00e1 esta informaci\u00f3n por cuenta de FIT con el prop\u00f3sito de seguir la pista de su uso de la web, recopilando informes de actividad y prestando otros servicios relacionados con la actividad y el uso de Internet. Google no asociar\u00e1 su direcci\u00f3n IP con ninguno otro dato de que disponga Google.<\/td>\n<td width=\"142\">https:\/\/tools.google.com\/dlpage\/gaoptout<\/td>\n<\/tr>\n<tr>\n<td width=\"123\">Cookies Publicitarias<\/td>\n<td width=\"123\">Google AdWords \/ Doubleclick<\/td>\n<td width=\"217\">Tambi\u00e9n un servicio de Google. En este caso nos permite entender mejor el rendimiento de las acciones publicitarias de FIT a trav\u00e9s de esta plataforma analizando el comportamiento de los usuarios que acceden en el web a trav\u00e9s de estas campa\u00f1as.<\/td>\n<td width=\"142\">http:\/\/www.google.com\/settings\/ads<\/td>\n<\/tr>\n<tr>\n<td rowspan=\"10\" width=\"123\">Cookies de publicidad comportamental<\/td>\n<td width=\"123\">Google<\/td>\n<td rowspan=\"10\" width=\"217\">Cookies de terceros que analizan el comportamiento de los usuarios de forma an\u00f3nima y nos permiten poder utilizar servicios necesarios para el correcto funcionamiento de la web y de todas sus funcionalidades como, por ejemplo, saber cu\u00e1ntas veces y en qu\u00e9 redes se comparten nuestros contenidos.<\/td>\n<td width=\"142\">http:\/\/www.google.es\/intl\/es\/policies\/technologies\/types\/<\/td>\n<\/tr>\n<tr>\n<td width=\"123\">Shareaholic<\/td>\n<td width=\"142\">https:\/\/shareaholic.com\/privacy\/<\/td>\n<\/tr>\n<tr>\n<td width=\"123\">OwnerIQ<\/td>\n<td width=\"142\">http:\/\/www.owneriq.com\/privacy-notice<\/td>\n<\/tr>\n<tr>\n<td width=\"123\">Tapad<\/td>\n<td width=\"142\">https:\/\/www.tapad.com\/privacy<\/td>\n<\/tr>\n<tr>\n<td width=\"123\">AppNexus<\/td>\n<td width=\"142\">https:\/\/www.appnexus.com\/en\/company\/platform-privacy-policy<\/td>\n<\/tr>\n<tr>\n<td width=\"123\">Aol<\/td>\n<td width=\"142\">http:\/\/privacy.aol.com\/<\/td>\n<\/tr>\n<tr>\n<td width=\"123\">Adobe<\/td>\n<td width=\"142\">http:\/\/www.adobe.com\/privacy\/opt-out.html<\/td>\n<\/tr>\n<tr>\n<td width=\"123\">Facebook Atlas Solutions<\/td>\n<td width=\"142\">https:\/\/atlassolutions.com\/privacy-policy\/<\/td>\n<\/tr>\n<tr>\n<td width=\"123\">Oracle Bluekai<\/td>\n<td width=\"142\">http:\/\/www.bluekai.com\/consumers.php<\/td>\n<\/tr>\n<tr>\n<td width=\"123\">Comscore Scorecard<\/td>\n<td width=\"142\">http:\/\/www.scorecardresearch.com\/privacy.aspx<\/td>\n<\/tr>\n<tr>\n<td rowspan=\"5\" width=\"123\">Cookies de redes sociales externas<\/td>\n<td width=\"123\">YouTube<\/td>\n<td width=\"217\">YouTube proporciona botones y otras funcionalidades para que puedas compartir enlaces en nuestro web. La informaci\u00f3n enviada fuera de la UE en YouTube, son utilizadas por YouTube seg\u00fan sus pol\u00edticas de privacidad.<\/td>\n<td width=\"142\">https:\/\/www.google.com\/intl\/es\/policies\/technologies\/types\/<\/td>\n<\/tr>\n<tr>\n<td width=\"123\">Instagram<\/td>\n<td width=\"217\">Instagram proporciona botones y otras funcionalidades para que puedas compartir enlaces en nuestra web a tu perfil. La informaci\u00f3n enviada fuera de la UE en Instagram, relativa en las p\u00e1ginas que has visitado o sobre las cosas que te interesan, son utilizadas por Instagram de acuerdo a sus pol\u00edticas de privacidad.<\/td>\n<td width=\"142\">https:\/\/www.facebook.com\/help\/instagram\/155833707900388<\/td>\n<\/tr>\n<tr>\n<td width=\"123\">Facebook<\/td>\n<td width=\"217\">Facebook proporciona botones y otras funcionalidades para que puedas compartir enlaces en nuestra web a tu perfil. La informaci\u00f3n enviada fuera de la UE en Facebook, relativa en las p\u00e1ginas que has visitado o sobre las cosas que te interesan, son utilizadas por Facebook de acuerdo a sus pol\u00edticas de privacidad.<\/td>\n<td width=\"142\">https:\/\/www.facebook.com\/policies\/cookies\/<\/td>\n<\/tr>\n<tr>\n<td width=\"123\">Twitter<\/td>\n<td width=\"217\">Twitter proporciona botones y otras funcionalidades para que puedas compartir enlaces en nuestro web. La informaci\u00f3n enviada fuera de la UE en Twitter, son utilizadas por Twitter de acuerdo a sus pol\u00edticas de privacidad.<\/td>\n<td width=\"142\">https:\/\/twitter.com\/privacy?lang=es<\/td>\n<\/tr>\n<tr>\n<td width=\"123\">LinkedIn<\/td>\n<td width=\"217\">Linkedin proporciona botones y otras funcionalidades para que puedas compartir enlaces en nuestra web a tu perfil. La informaci\u00f3n enviada fuera de la UE a Linkedin, relativa en las p\u00e1ginas que has visitado o sobre las cosas que te interesan, son utilizadas por Linkedin de acuerdo a sus pol\u00edticas de privacidad.<\/td>\n<td width=\"142\">https:\/\/www.linkedin.com\/legal\/cookie-policy?trk=hb_ft_cookie<\/td>\n<\/tr>\n<\/tbody>\n<\/table>\n<p>&nbsp;<\/p>\n<p>Los sistemas de opt-out espec\u00edficos indicados a la tabla anterior respecto de la galleta que se trate (estos sistemas pueden comportar que se instale en su equipo una cookie \u201cde rechazo\u201d porque funcione su elecci\u00f3n de desactivaci\u00f3n); u otras herramientas de terceros, disponibles en l\u00ednea, que permiten a los usuarios detectar las galletas en cada sitio web que visita y gestionar su desactivaci\u00f3n.<\/p>\n<p>FIT no se hace responsable del contenido y veracidad de las pol\u00edticas de privacidad de los terceros incluidas en esta pol\u00edtica de galletas.<\/p>\n<p>Cualquier duda o cuesti\u00f3n que tenga sobre esta pol\u00edtica de cookies, puede contactar con FIT <a href=\"mailto:comunicacio@formacioitreball.org\">comunicacio@formacioitreball.org<\/a><\/p>\n","protected":false},"excerpt":{"rendered":"<p>Antes de que empieces a navegar por la web nos gustar\u00eda informarte que utilizamos cookies con diferentes finalidades en la<a class=\"more-link\" href=\"https:\/\/dinsescola.org\/es\/politica-de-cookies\/\">Llegir M\u00e9s<\/a><\/p>\n","protected":false},"author":1,"featured_media":25,"parent":0,"menu_order":0,"comment_status":"closed","ping_status":"closed","template":"page-politica.php","meta":[],"yoast_head":"<!-- This site is optimized with the Yoast SEO plugin v19.13 - https:\/\/yoast.com\/wordpress\/plugins\/seo\/ -->\n<title>Pol\u00edtica de cookies - D&#039;ins Escola<\/title>\n<meta name=\"robots\" content=\"index, follow, max-snippet:-1, max-image-preview:large, max-video-preview:-1\" \/>\n<link rel=\"canonical\" href=\"https:\/\/dinsescola.org\/es\/politica-de-cookies\/\" \/>\n<meta property=\"og:locale\" content=\"es_ES\" \/>\n<meta property=\"og:type\" content=\"article\" \/>\n<meta property=\"og:title\" content=\"Pol\u00edtica de cookies - D&#039;ins Escola\" \/>\n<meta property=\"og:description\" content=\"Antes de que empieces a navegar por la web nos gustar\u00eda informarte que utilizamos cookies con diferentes finalidades en laLlegir M\u00e9s\" \/>\n<meta property=\"og:url\" content=\"https:\/\/dinsescola.org\/es\/politica-de-cookies\/\" \/>\n<meta property=\"og:site_name\" content=\"D&#039;ins Escola\" \/>\n<meta property=\"article:modified_time\" content=\"2022-01-17T15:12:30+00:00\" \/>\n<meta property=\"og:image\" content=\"https:\/\/dinsescola.org\/wp-content\/uploads\/2019\/06\/background-hero.jpg\" \/>\n\t<meta property=\"og:image:width\" content=\"1439\" \/>\n\t<meta property=\"og:image:height\" content=\"809\" \/>\n\t<meta property=\"og:image:type\" content=\"image\/jpeg\" \/>\n<meta name=\"twitter:card\" content=\"summary_large_image\" \/>\n<meta name=\"twitter:label1\" content=\"Tiempo de lectura\" \/>\n\t<meta name=\"twitter:data1\" content=\"8 minutos\" \/>\n<script type=\"application\/ld+json\" class=\"yoast-schema-graph\">{\"@context\":\"https:\/\/schema.org\",\"@graph\":[{\"@type\":\"WebPage\",\"@id\":\"https:\/\/dinsescola.org\/es\/politica-de-cookies\/\",\"url\":\"https:\/\/dinsescola.org\/es\/politica-de-cookies\/\",\"name\":\"Pol\u00edtica de cookies - D&#039;ins Escola\",\"isPartOf\":{\"@id\":\"https:\/\/dinsescola.org\/es\/#website\"},\"datePublished\":\"2021-11-02T11:03:36+00:00\",\"dateModified\":\"2022-01-17T15:12:30+00:00\",\"breadcrumb\":{\"@id\":\"https:\/\/dinsescola.org\/es\/politica-de-cookies\/#breadcrumb\"},\"inLanguage\":\"es\",\"potentialAction\":[{\"@type\":\"ReadAction\",\"target\":[\"https:\/\/dinsescola.org\/es\/politica-de-cookies\/\"]}]},{\"@type\":\"BreadcrumbList\",\"@id\":\"https:\/\/dinsescola.org\/es\/politica-de-cookies\/#breadcrumb\",\"itemListElement\":[{\"@type\":\"ListItem\",\"position\":1,\"name\":\"Inici\",\"item\":\"https:\/\/dinsescola.org\/es\/\"},{\"@type\":\"ListItem\",\"position\":2,\"name\":\"Pol\u00edtica de cookies\"}]},{\"@type\":\"WebSite\",\"@id\":\"https:\/\/dinsescola.org\/es\/#website\",\"url\":\"https:\/\/dinsescola.org\/es\/\",\"name\":\"D&#039;ins Escola\",\"description\":\"Escola - Restaurant de la Fundaci\u00f3 Formaci\u00f3 i Treball\",\"potentialAction\":[{\"@type\":\"SearchAction\",\"target\":{\"@type\":\"EntryPoint\",\"urlTemplate\":\"https:\/\/dinsescola.org\/es\/?s={search_term_string}\"},\"query-input\":\"required name=search_term_string\"}],\"inLanguage\":\"es\"}]}<\/script>\n<!-- \/ Yoast SEO plugin. -->","yoast_head_json":{"title":"Pol\u00edtica de cookies - D&#039;ins Escola","robots":{"index":"index","follow":"follow","max-snippet":"max-snippet:-1","max-image-preview":"max-image-preview:large","max-video-preview":"max-video-preview:-1"},"canonical":"https:\/\/dinsescola.org\/es\/politica-de-cookies\/","og_locale":"es_ES","og_type":"article","og_title":"Pol\u00edtica de cookies - D&#039;ins Escola","og_description":"Antes de que empieces a navegar por la web nos gustar\u00eda informarte que utilizamos cookies con diferentes finalidades en laLlegir M\u00e9s","og_url":"https:\/\/dinsescola.org\/es\/politica-de-cookies\/","og_site_name":"D&#039;ins Escola","article_modified_time":"2022-01-17T15:12:30+00:00","og_image":[{"width":1439,"height":809,"url":"https:\/\/dinsescola.org\/wp-content\/uploads\/2019\/06\/background-hero.jpg","type":"image\/jpeg"}],"twitter_card":"summary_large_image","twitter_misc":{"Tiempo de lectura":"8 minutos"},"schema":{"@context":"https:\/\/schema.org","@graph":[{"@type":"WebPage","@id":"https:\/\/dinsescola.org\/es\/politica-de-cookies\/","url":"https:\/\/dinsescola.org\/es\/politica-de-cookies\/","name":"Pol\u00edtica de cookies - D&#039;ins Escola","isPartOf":{"@id":"https:\/\/dinsescola.org\/es\/#website"},"datePublished":"2021-11-02T11:03:36+00:00","dateModified":"2022-01-17T15:12:30+00:00","breadcrumb":{"@id":"https:\/\/dinsescola.org\/es\/politica-de-cookies\/#breadcrumb"},"inLanguage":"es","potentialAction":[{"@type":"ReadAction","target":["https:\/\/dinsescola.org\/es\/politica-de-cookies\/"]}]},{"@type":"BreadcrumbList","@id":"https:\/\/dinsescola.org\/es\/politica-de-cookies\/#breadcrumb","itemListElement":[{"@type":"ListItem","position":1,"name":"Inici","item":"https:\/\/dinsescola.org\/es\/"},{"@type":"ListItem","position":2,"name":"Pol\u00edtica de cookies"}]},{"@type":"WebSite","@id":"https:\/\/dinsescola.org\/es\/#website","url":"https:\/\/dinsescola.org\/es\/","name":"D&#039;ins Escola","description":"Escola - Restaurant de la Fundaci\u00f3 Formaci\u00f3 i Treball","potentialAction":[{"@type":"SearchAction","target":{"@type":"EntryPoint","urlTemplate":"https:\/\/dinsescola.org\/es\/?s={search_term_string}"},"query-input":"required name=search_term_string"}],"inLanguage":"es"}]}},"_links":{"self":[{"href":"https:\/\/dinsescola.org\/es\/wp-json\/wp\/v2\/pages\/305"}],"collection":[{"href":"https:\/\/dinsescola.org\/es\/wp-json\/wp\/v2\/pages"}],"about":[{"href":"https:\/\/dinsescola.org\/es\/wp-json\/wp\/v2\/types\/page"}],"author":[{"embeddable":true,"href":"https:\/\/dinsescola.org\/es\/wp-json\/wp\/v2\/users\/1"}],"replies":[{"embeddable":true,"href":"https:\/\/dinsescola.org\/es\/wp-json\/wp\/v2\/comments?post=305"}],"version-history":[{"count":1,"href":"https:\/\/dinsescola.org\/es\/wp-json\/wp\/v2\/pages\/305\/revisions"}],"predecessor-version":[{"id":634,"href":"https:\/\/dinsescola.org\/es\/wp-json\/wp\/v2\/pages\/305\/revisions\/634"}],"wp:featuredmedia":[{"embeddable":true,"href":"https:\/\/dinsescola.org\/es\/wp-json\/wp\/v2\/media\/25"}],"wp:attachment":[{"href":"https:\/\/dinsescola.org\/es\/wp-json\/wp\/v2\/media?parent=305"}],"curies":[{"name":"wp","href":"https:\/\/api.w.org\/{rel}","templated":true}]}}