{"id":306,"date":"2021-11-03T09:24:42","date_gmt":"2021-11-03T08:24:42","guid":{"rendered":"https:\/\/dinsescola.org\/nota-legal\/"},"modified":"2022-01-17T16:09:30","modified_gmt":"2022-01-17T15:09:30","slug":"nota-legal","status":"publish","type":"page","link":"https:\/\/dinsescola.org\/es\/nota-legal\/","title":{"rendered":"Nota legal"},"content":{"rendered":"<h2>DATOS DE IDENTIFICACI\u00d3N<\/h2>\n<p>FORMACI\u00d3 I TREBALL, FUNDACI\u00d3 PRIVADA (a partir de ahora FORMACI\u00d3 I TREBALL), es una entidad inscrita al Registro de Fundaciones de la Generalitat de Catalu\u00f1a, con inscripci\u00f3n n.\u00ba 670. Su domocilio es Ramon Llull, 430-438, de Sant Adri\u00e0 de Bes\u00f2s (08930); N.I.F. G-60229846; Correo electr\u00f3nico: fit@formacioitreball.org<\/p>\n<h2>VIGENCIA DE LA INFORMACI\u00d3N<\/h2>\n<p>El acceso a la p\u00e1gina web de FORMACI\u00d3 I TREBALL y as\u00ed mismo la informaci\u00f3n relativa a cualquier de los productos y\/o servicios que esta contiene comporta la aceptaci\u00f3n de las condiciones contempladas en el presente aviso legal. Del mismo modo, la informaci\u00f3n contenida en estas p\u00e1ginas es la vigente en la actualidad despu\u00e9s de la \u00faltima actualizaci\u00f3n realizada. No obstante, la informaci\u00f3n relativa a productos y\/o servicios ofrecidos en esta p\u00e1gina web es exclusivamente orientativa y de ninguna forma vinculante.<\/p>\n<p>FORMACI\u00d3 I TREBALL se reserva el derecho de cambiar, en cualquier momento y sin necesidad de preaviso alguno, las condiciones de uso. Por eso, el Usuario\/a tendr\u00e1 que comprobar si se han producido cambios siempre que acceda a la p\u00e1gina web. Cada vez que utilice la web regir\u00e1n las condiciones de uso de acuerdo con las modificaciones introducidas en cada momento.<\/p>\n<p>Todos los campos de los formularios de recogida de datos que se ponen a disposici\u00f3n del Usuario\/a en esta Web son obligatorios. La no comunicaci\u00f3n de estos datos podr\u00eda derivar en la imposibilidad de atender su petici\u00f3n.<\/p>\n<h2>PROPIEDAD INTELECTUAL<\/h2>\n<p>Todos los contenidos, sin exclusi\u00f3n y de forma no limitativa, que forman parte de la P\u00e1gina Web, es decir, informaci\u00f3n, art\u00edculos, datos, textos, logos, iconos, im\u00e1genes, dise\u00f1o e imagen de la p\u00e1gina web (apariencia externa o look and feel), ficheros de video, ficheros de audio, bases de datos y aplicaciones inform\u00e1ticas, son propiedad de FORMACI\u00d3 I TREBALL o est\u00e1 explotado bajo licencia de terceros titulares de los derechos de propiedad intelectual y\/o industrial de los mencionados contenidos. Estos est\u00e1n protegidos por las leyes de propiedad intelectual internacionales y nacionales.<\/p>\n<p>El Usuario\/a podr\u00e1 crear una copia privada de los contenidos \u00fanica y exclusivamente para su utilizaci\u00f3n personal. Todo uso o explotaci\u00f3n diferentes precisar\u00e1n de una autorizaci\u00f3n previa y por escrito del titular de los derechos de explotaci\u00f3n. En concreto, se proh\u00edbe al Usuario\/a reproducir, distribuir, comunicar p\u00fablicamente (incluido el derecho de puesta a disposici\u00f3n), fijar, transformar, coleccionar y, de cualquier otra manera, explotar los contenidos que aparecen en la p\u00e1gina web sin la autorizaci\u00f3n previa y por escrito del titular de los derechos de explotaci\u00f3n.<\/p>\n<p>En ning\u00fan caso el acceso a esta P\u00e1gina Web implica ning\u00fan tipo de renuncia, transmisi\u00f3n o cesi\u00f3n, total ni parcial, de los derechos otorgados por la legislaci\u00f3n espa\u00f1ola e internacional sobre propiedad intelectual.<\/p>\n<h2>PROPIEDAD INDUSTRIAL<\/h2>\n<p>Las marcas y logotipos presentes en esta P\u00e1gina Web se encuentran protegidos por las leyes espa\u00f1olas e internacionales sobre propiedad industrial.<\/p>\n<p>Igualmente, los logos que identifican a FORMACI\u00d3 I TREBALL son propiedad de la misma.<\/p>\n<p>www.formacioitreball.org es un dominio registrado por FORMACI\u00d3 I TREBALL. Este nombre de dominio no puede ser utilizado, excepto autorizaci\u00f3n expr\u00e9s previa, en conexi\u00f3n con otros servicios que no sean los del titular, de forma que puedan causar confusi\u00f3n entre nuestros clientes o descr\u00e9dito a la empresa.<\/p>\n<p>Queda prohibida la reproducci\u00f3n (excepto la descarga temporal de la P\u00e1gina al disco duro del ordenador del Usuario o a los servidores proxy), la copia, el uso, la distribuci\u00f3n, la reutilizaci\u00f3n, explotaci\u00f3n, realizaci\u00f3n de segundas copias, env\u00edo por correo, la transmisi\u00f3n y la modificaci\u00f3n de cualquier signo distintivo anteriormente mencionado y que se encuentren en este sitio web, excepto autorizaci\u00f3n expresa del titular de estos.<\/p>\n<h2>POL\u00cdTICA DE CONFIDENCIALIDAD Y PROTECCI\u00d3N DE DATOS<\/h2>\n<p>FORMACI\u00d3 I TREBALL se toma de verdad la privacidad de los datos de los Usuarios\/as y, por eso, aplica una Pol\u00edtica de Privacidad basada en los principios de protecci\u00f3n de datos de la Uni\u00f3n Europea.<\/p>\n<p>Para obtener m\u00e1s informaci\u00f3n, consulte nuestra Pol\u00edtica de privacidad<\/p>\n<h2>AUTOCANDIDATURA<\/h2>\n<p>El Usuario\/a puede presentar su candidatura como personal de Estructura y\/o Voluntariado de FORMACI\u00d3 I TREBALL a trav\u00e9s de la p\u00e1gina web \u201cLa Fundaci\u00f3\/Sobre nosaltres\u201d y \u201cCol\u00b7labora\/Voluntariat\u201d, respectivamente. Para lo cual ser\u00e1 necesario que rellene el formulario con el fin de introducir sus datos.<\/p>\n<p>El tratamiento de los datos facilitados se regir\u00e1 por el establecido en la \u201cPol\u00edtica de Privacidad\u201d que se indica en el apartado anterior. Cualquier documentaci\u00f3n o informaci\u00f3n que exceda de la necesaria para la valoraci\u00f3n del perfil profesional ser\u00e1 eliminada.<\/p>\n<h2>FORMACI\u00d3N<\/h2>\n<p>El Usuario\/a puede acceder a los Cursos de FORMACI\u00d3 I TREBALL a trav\u00e9s de la p\u00e1gina web \u201cLa Formaci\u00f3\u201d. Para lo cual ser\u00e1 necesario que rellene el formulario con el fin de introducir sus datos.<\/p>\n<p>El tratamiento de los datos facilitados se regir\u00e1 por el establecido en la \u201cPol\u00edtica de Privacidad\u201d que se indica en el apartado anterior. Cualquier documentaci\u00f3n o informaci\u00f3n que exceda de la necesaria para la valoraci\u00f3n del perfil profesional ser\u00e1 eliminada.<\/p>\n<h2>DONACIONES<\/h2>\n<p>El Usuario\/a puede acceder a realizar una Donaci\u00f3n a FORMACI\u00d3 I TREBALL a trav\u00e9s de la p\u00e1gina web \u201cCol\u00b7labora\/Producte\u201d si es en especie y a la p\u00e1gina web \u201cColabora\/Econ\u00f3mica\u201d si es una aportaci\u00f3n econ\u00f3mica. Para lo cual ser\u00e1 necesario que rellene el formulario con el fin de introducir sus datos de donativo y contacto.<\/p>\n<p>El tratamiento de los datos facilitados se regir\u00e1 por el establecido en la \u201cPol\u00edtica de Privacidad\u201d que se indica en el apartado anterior. Cualquier documentaci\u00f3n o informaci\u00f3n que exceda de la necesaria para la valoraci\u00f3n del perfil profesional ser\u00e1 eliminada.<\/p>\n<h2>RESPONSABILIDADES<\/h2>\n<p>La informaci\u00f3n contenida en esta p\u00e1gina web es la vigente en la fecha de su \u00faltima actualizaci\u00f3n y no representa ninguna obligaci\u00f3n contractual por FORMACI\u00d3 I TREBALL, sino que se expone con finalidad informativa y no constituye una oferta de compra o venta de ning\u00fan tipo de producto o servicio.<\/p>\n<p>FORMACI\u00d3 I TREBALL reh\u00fasa cualquier responsabilidad que se derive de la mala utilizaci\u00f3n de los contenidos de sus p\u00e1ginas web y se reserva el derecho a actualizarlos, eliminarlos, limitarlos o impedir el acceso, de manera temporal o definitiva sin necesidad de aviso previo. Tampoco se hace responsable sobre cualquier informaci\u00f3n no elaborada directamente por la organizaci\u00f3n y reh\u00fasa, de manera especial, cualquier responsabilidad sobre la informaci\u00f3n contenida en las p\u00e1ginas web a las que se tiene acceso mediante enlaces (links).<\/p>\n<p>As\u00ed mismo, FORMACI\u00d3 I TREBALL no se hace responsable de los posibles errores de seguridad que se puedan producir por el uso de ordenadores infectados con virus inform\u00e1ticos, ni de las consecuencias derivadas del mal funcionamiento del navegador (browser) o por el uso de versiones no actualizadas.<\/p>\n<p>FORMACI\u00d3 I TREBALL tampoco puede garantizar la continuidad del funcionamiento de la P\u00e1gina Web, as\u00ed como que se encuentre en todo momento operativa y disponible.<\/p>\n<p>En ninguna circunstancia, FORMACI\u00d3 I TREBALL se hace responsable de los da\u00f1os y perjuicios directos o indirectos, incluidos da\u00f1os en sistemas inform\u00e1ticos e introducci\u00f3n de virus existentes en la red, derivados de la navegaci\u00f3n por Internet, necesaria para la visita y utilizaci\u00f3n de la P\u00e1gina.<\/p>\n<h2>USO DE COOKIES<\/h2>\n<p>Para la utilizaci\u00f3n de nuestro sitio web es necesaria la utilizaci\u00f3n de cookies. Las cookies se utilizan con el fin de facilitar la navegaci\u00f3n y ofrecer un servicio personalizado y m\u00e1s \u00e1gil as\u00ed como una herramienta estad\u00edstica para obtener datos estad\u00edsticos del uso del web. En ning\u00fan caso se utilizan para almacenar informaci\u00f3n que pueda identificar al Usuario. Para m\u00e1s informaci\u00f3n, consultar nuestra Pol\u00edtica de Cookies<\/p>\n<h2>LEGISLACI\u00d3N Y JURISDICCI\u00d3N APLICABLE<\/h2>\n<p>El presente Aviso Legal queda sujeto al ordenamiento jur\u00eddico espa\u00f1ol.<\/p>\n<p>Para la resoluci\u00f3n de cualquier conflicto o controversia que pudiera derivarse del acceso o uso de la p\u00e1gina web, as\u00ed como cualquier cuesti\u00f3n que pudiera suscitarse sobre la interpretaci\u00f3n, aplicaci\u00f3n y cumplimiento, el Usuario y acuerdan someterse expresamente a los juzgados y tribunales de la ciudad de Barcelona, con renuncia a cualquier otro fuero general o especial que los pudiera corresponder.<\/p>\n","protected":false},"excerpt":{"rendered":"<p>DATOS DE IDENTIFICACI\u00d3N FORMACI\u00d3 I TREBALL, FUNDACI\u00d3 PRIVADA (a partir de ahora FORMACI\u00d3 I TREBALL), es una entidad inscrita al<a class=\"more-link\" href=\"https:\/\/dinsescola.org\/es\/nota-legal\/\">Llegir M\u00e9s<\/a><\/p>\n","protected":false},"author":1,"featured_media":25,"parent":0,"menu_order":0,"comment_status":"closed","ping_status":"closed","template":"page-politica.php","meta":[],"yoast_head":"<!-- This site is optimized with the Yoast SEO plugin v19.13 - https:\/\/yoast.com\/wordpress\/plugins\/seo\/ -->\n<title>Nota legal - D&#039;ins Escola<\/title>\n<meta name=\"robots\" content=\"index, follow, max-snippet:-1, max-image-preview:large, max-video-preview:-1\" \/>\n<link rel=\"canonical\" href=\"https:\/\/dinsescola.org\/es\/nota-legal\/\" \/>\n<meta property=\"og:locale\" content=\"es_ES\" \/>\n<meta property=\"og:type\" content=\"article\" \/>\n<meta property=\"og:title\" content=\"Nota legal - D&#039;ins Escola\" \/>\n<meta property=\"og:description\" content=\"DATOS DE IDENTIFICACI\u00d3N FORMACI\u00d3 I TREBALL, FUNDACI\u00d3 PRIVADA (a partir de ahora FORMACI\u00d3 I TREBALL), es una entidad inscrita alLlegir M\u00e9s\" \/>\n<meta property=\"og:url\" content=\"https:\/\/dinsescola.org\/es\/nota-legal\/\" \/>\n<meta property=\"og:site_name\" content=\"D&#039;ins Escola\" \/>\n<meta property=\"article:modified_time\" content=\"2022-01-17T15:09:30+00:00\" \/>\n<meta property=\"og:image\" content=\"https:\/\/dinsescola.org\/wp-content\/uploads\/2019\/06\/background-hero.jpg\" \/>\n\t<meta property=\"og:image:width\" content=\"1439\" \/>\n\t<meta property=\"og:image:height\" content=\"809\" \/>\n\t<meta property=\"og:image:type\" content=\"image\/jpeg\" \/>\n<meta name=\"twitter:card\" content=\"summary_large_image\" \/>\n<meta name=\"twitter:label1\" content=\"Tiempo de lectura\" \/>\n\t<meta name=\"twitter:data1\" content=\"7 minutos\" \/>\n<script type=\"application\/ld+json\" class=\"yoast-schema-graph\">{\"@context\":\"https:\/\/schema.org\",\"@graph\":[{\"@type\":\"WebPage\",\"@id\":\"https:\/\/dinsescola.org\/es\/nota-legal\/\",\"url\":\"https:\/\/dinsescola.org\/es\/nota-legal\/\",\"name\":\"Nota legal - D&#039;ins Escola\",\"isPartOf\":{\"@id\":\"https:\/\/dinsescola.org\/es\/#website\"},\"datePublished\":\"2021-11-03T08:24:42+00:00\",\"dateModified\":\"2022-01-17T15:09:30+00:00\",\"breadcrumb\":{\"@id\":\"https:\/\/dinsescola.org\/es\/nota-legal\/#breadcrumb\"},\"inLanguage\":\"es\",\"potentialAction\":[{\"@type\":\"ReadAction\",\"target\":[\"https:\/\/dinsescola.org\/es\/nota-legal\/\"]}]},{\"@type\":\"BreadcrumbList\",\"@id\":\"https:\/\/dinsescola.org\/es\/nota-legal\/#breadcrumb\",\"itemListElement\":[{\"@type\":\"ListItem\",\"position\":1,\"name\":\"Inici\",\"item\":\"https:\/\/dinsescola.org\/es\/\"},{\"@type\":\"ListItem\",\"position\":2,\"name\":\"Nota legal\"}]},{\"@type\":\"WebSite\",\"@id\":\"https:\/\/dinsescola.org\/es\/#website\",\"url\":\"https:\/\/dinsescola.org\/es\/\",\"name\":\"D&#039;ins Escola\",\"description\":\"Escola - Restaurant de la Fundaci\u00f3 Formaci\u00f3 i Treball\",\"potentialAction\":[{\"@type\":\"SearchAction\",\"target\":{\"@type\":\"EntryPoint\",\"urlTemplate\":\"https:\/\/dinsescola.org\/es\/?s={search_term_string}\"},\"query-input\":\"required name=search_term_string\"}],\"inLanguage\":\"es\"}]}<\/script>\n<!-- \/ Yoast SEO plugin. -->","yoast_head_json":{"title":"Nota legal - D&#039;ins Escola","robots":{"index":"index","follow":"follow","max-snippet":"max-snippet:-1","max-image-preview":"max-image-preview:large","max-video-preview":"max-video-preview:-1"},"canonical":"https:\/\/dinsescola.org\/es\/nota-legal\/","og_locale":"es_ES","og_type":"article","og_title":"Nota legal - D&#039;ins Escola","og_description":"DATOS DE IDENTIFICACI\u00d3N FORMACI\u00d3 I TREBALL, FUNDACI\u00d3 PRIVADA (a partir de ahora FORMACI\u00d3 I TREBALL), es una entidad inscrita alLlegir M\u00e9s","og_url":"https:\/\/dinsescola.org\/es\/nota-legal\/","og_site_name":"D&#039;ins Escola","article_modified_time":"2022-01-17T15:09:30+00:00","og_image":[{"width":1439,"height":809,"url":"https:\/\/dinsescola.org\/wp-content\/uploads\/2019\/06\/background-hero.jpg","type":"image\/jpeg"}],"twitter_card":"summary_large_image","twitter_misc":{"Tiempo de lectura":"7 minutos"},"schema":{"@context":"https:\/\/schema.org","@graph":[{"@type":"WebPage","@id":"https:\/\/dinsescola.org\/es\/nota-legal\/","url":"https:\/\/dinsescola.org\/es\/nota-legal\/","name":"Nota legal - D&#039;ins Escola","isPartOf":{"@id":"https:\/\/dinsescola.org\/es\/#website"},"datePublished":"2021-11-03T08:24:42+00:00","dateModified":"2022-01-17T15:09:30+00:00","breadcrumb":{"@id":"https:\/\/dinsescola.org\/es\/nota-legal\/#breadcrumb"},"inLanguage":"es","potentialAction":[{"@type":"ReadAction","target":["https:\/\/dinsescola.org\/es\/nota-legal\/"]}]},{"@type":"BreadcrumbList","@id":"https:\/\/dinsescola.org\/es\/nota-legal\/#breadcrumb","itemListElement":[{"@type":"ListItem","position":1,"name":"Inici","item":"https:\/\/dinsescola.org\/es\/"},{"@type":"ListItem","position":2,"name":"Nota legal"}]},{"@type":"WebSite","@id":"https:\/\/dinsescola.org\/es\/#website","url":"https:\/\/dinsescola.org\/es\/","name":"D&#039;ins Escola","description":"Escola - Restaurant de la Fundaci\u00f3 Formaci\u00f3 i Treball","potentialAction":[{"@type":"SearchAction","target":{"@type":"EntryPoint","urlTemplate":"https:\/\/dinsescola.org\/es\/?s={search_term_string}"},"query-input":"required name=search_term_string"}],"inLanguage":"es"}]}},"_links":{"self":[{"href":"https:\/\/dinsescola.org\/es\/wp-json\/wp\/v2\/pages\/306"}],"collection":[{"href":"https:\/\/dinsescola.org\/es\/wp-json\/wp\/v2\/pages"}],"about":[{"href":"https:\/\/dinsescola.org\/es\/wp-json\/wp\/v2\/types\/page"}],"author":[{"embeddable":true,"href":"https:\/\/dinsescola.org\/es\/wp-json\/wp\/v2\/users\/1"}],"replies":[{"embeddable":true,"href":"https:\/\/dinsescola.org\/es\/wp-json\/wp\/v2\/comments?post=306"}],"version-history":[{"count":1,"href":"https:\/\/dinsescola.org\/es\/wp-json\/wp\/v2\/pages\/306\/revisions"}],"predecessor-version":[{"id":325,"href":"https:\/\/dinsescola.org\/es\/wp-json\/wp\/v2\/pages\/306\/revisions\/325"}],"wp:featuredmedia":[{"embeddable":true,"href":"https:\/\/dinsescola.org\/es\/wp-json\/wp\/v2\/media\/25"}],"wp:attachment":[{"href":"https:\/\/dinsescola.org\/es\/wp-json\/wp\/v2\/media?parent=306"}],"curies":[{"name":"wp","href":"https:\/\/api.w.org\/{rel}","templated":true}]}}